{"id":3581,"date":"2017-12-08T14:08:22","date_gmt":"2017-12-08T14:08:22","guid":{"rendered":"http:\/\/www.kaba.hr\/?page_id=3581"},"modified":"2023-05-02T08:42:34","modified_gmt":"2023-05-02T08:42:34","slug":"documents-2","status":"publish","type":"page","link":"https:\/\/www.kaba.hr\/en\/documents-2\/","title":{"rendered":"Documents"},"content":{"rendered":"<div class=\"flexible-block\"><div class=\"am2-files clearfix\">\n             <h2 class=\"am2-files__title\">Documents e-banking <\/h2> \n        <article class=\"am2-file\">\n\n           \n        <h3 class=\"am2-file__subtitle\"><\/h3>\n        <ul>\n             \n                        \n                <li>\n                    <a href=\"https:\/\/www.kaba.hr\/wp-content\/uploads\/2020\/06\/Kaba_ZAHTJEV-za-ugovaranje-usluga-elektroni\u010dkog-bankarstva-za-poslovne-subjekte_Evid-broj_06_2020.pdf\" class=\"am2-file__link am2-file__tooltip\" target=\"_blank\">\n                        Zahtjev za ugovaranje usluga elektroni\u010dkog bankarstva\n                                                    <span class=\"am2-file__tooltip-text\"><p>Download file (PDF)<\/p><\/span>\n                                            <\/a>                    \n                <\/li>  \n            \n                     \n             \n                        \n                <li>\n                    <a href=\"https:\/\/www.kaba.hr\/wp-content\/uploads\/2020\/06\/Kaba_PRISTUPNICA_elektr.-bank.-PS_06_2020.pdf\" class=\"am2-file__link am2-file__tooltip\" target=\"_blank\">\n                        Pristupnica za kori\u0161tenje usluge elektroni\u010dkog bankarstva za poslovne subjekte\n                                                    <span class=\"am2-file__tooltip-text\"><p>Download file (PDF)<\/p><\/span>\n                                            <\/a>                    \n                <\/li>  \n            \n                     \n             \n                        \n                <li>\n                    <a href=\"https:\/\/www.kaba.hr\/wp-content\/uploads\/2018\/10\/Kaba_ZAHTJEV-ZA-UGOVARANJE-LISTE-PRIMATELJA-IZUZETIH-OD-DODATNE-POTREBE....pdf\" class=\"am2-file__link am2-file__tooltip\" target=\"_blank\">\n                        Zahtjev za ugovaranje liste primatelja izuzetih od dodatne potvrde autorizacije naloga\n                                                    <span class=\"am2-file__tooltip-text\"><p>Download file (PDF)<\/p><\/span>\n                                            <\/a>                    \n                <\/li>  \n            \n                     \n             \n                        \n                <li>\n                    <a href=\"https:\/\/www.kaba.hr\/wp-content\/uploads\/2020\/07\/Kaba_ZAHTJEV-ZA-PROMJENU-PODATAKA-I-ILI-OVLA\u0160TENJA_30.6.2020..pdf\" class=\"am2-file__link am2-file__tooltip\" target=\"_blank\">\n                        Zahtjev za promjenu podataka ili ovla\u0161tenja\n                                                    <span class=\"am2-file__tooltip-text\"><p>Download file (PDF)<\/p><\/span>\n                                            <\/a>                    \n                <\/li>  \n            \n                     \n             \n                        \n                <li>\n                    <a href=\"https:\/\/www.kaba.hr\/wp-content\/uploads\/2020\/06\/05.-Zahtjev-za-otkaz-usluga-elektroni\u010dkog-bankarstva-za-poslovne-subjekte.pdf\" class=\"am2-file__link am2-file__tooltip\" target=\"_blank\">\n                        Zahtjev za otkaz usluge elektroni\u010dkog bankarstva\n                                                    <span class=\"am2-file__tooltip-text\"><p>Download file (PDF)<\/p><\/span>\n                                            <\/a>                    \n                <\/li>  \n            \n                     \n             \n                        \n                <li>\n                    <a href=\"https:\/\/www.kaba.hr\/wp-content\/uploads\/2018\/10\/Kaba_Izjava-o-gubitku-kra\u0111i-zlouporabi-i-sl.-PKI-medija-ili-mobilnog-ure\u0111aja.pdf\" class=\"am2-file__link am2-file__tooltip\" target=\"_blank\">\n                        Izjava o gubitku, kra\u0111i, zlouporabi PKI medija ili mobilnog ure\u0111aja\n                                                    <span class=\"am2-file__tooltip-text\"><p>Download file (PDF)<\/p><\/span>\n                                            <\/a>                    \n                <\/li>  \n            \n                     \n             \n                        \n                <li>\n                    <a href=\"https:\/\/www.kaba.hr\/wp-content\/uploads\/2020\/06\/Kaba_OBRAZAC-potvrde-o-preuzimanju-ure\u0111aja.pdf\" class=\"am2-file__link am2-file__tooltip\" target=\"_blank\">\n                        Obrazac potvrde o preuzimanju ure\u0111aja i\/ili zaporke za uslugu elektroni\u010dkog bankarstva\n                                                    <span class=\"am2-file__tooltip-text\"><p>Download file (PDF)<\/p><\/span>\n                                            <\/a>                    \n                <\/li>  \n            \n                     \n                <\/ul>      \n    \n    <\/article> \n<\/div>\n<\/div><div class=\"flexible-block\"><div class=\"am2-files clearfix\">\n             <h2 class=\"am2-files__title\">Daily limit <\/h2> \n        <article class=\"am2-file\">\n\n           \n        <h3 class=\"am2-file__subtitle\"><\/h3>\n        <ul>\n             \n                        \n                <li>\n                    <a href=\"https:\/\/www.kaba.hr\/wp-content\/uploads\/2023\/05\/Dnevni-limit-za-na\u010din-potpisivanja-pojedina\u010dno.pdf\" class=\"am2-file__link am2-file__tooltip\" target=\"_blank\">\n                        Dnevni limit za na\u010din potpisivanja - pojedina\u010dno putem elektroni\u010dkog bankarstva\n                                                    <span class=\"am2-file__tooltip-text\"><p>Download file (PDF)<\/p><\/span>\n                                            <\/a>                    \n                <\/li>  \n            \n                     \n                <\/ul>      \n    \n    <\/article> \n<\/div>\n<\/div>","protected":false},"excerpt":{"rendered":"<p>Documents e-banking Zahtjev za ugovaranje usluga elektroni\u010dkog bankarstva Download file (PDF) Pristupnica za kori\u0161tenje usluge elektroni\u010dkog bankarstva za poslovne subjekte Download file (PDF) Zahtjev za ugovaranje liste primatelja izuzetih od dodatne potvrde autorizacije naloga Download file (PDF) Zahtjev za promjenu podataka ili ovla\u0161tenja Download file (PDF) Zahtjev za otkaz usluge elektroni\u010dkog bankarstva Download file (PDF) [&hellip;]<\/p>\n","protected":false},"author":4,"featured_media":0,"parent":0,"menu_order":0,"comment_status":"closed","ping_status":"closed","template":"","meta":{"footnotes":""},"class_list":["post-3581","page","type-page","status-publish","hentry"],"_links":{"self":[{"href":"https:\/\/www.kaba.hr\/en\/wp-json\/wp\/v2\/pages\/3581","targetHints":{"allow":["GET"]}}],"collection":[{"href":"https:\/\/www.kaba.hr\/en\/wp-json\/wp\/v2\/pages"}],"about":[{"href":"https:\/\/www.kaba.hr\/en\/wp-json\/wp\/v2\/types\/page"}],"author":[{"embeddable":true,"href":"https:\/\/www.kaba.hr\/en\/wp-json\/wp\/v2\/users\/4"}],"replies":[{"embeddable":true,"href":"https:\/\/www.kaba.hr\/en\/wp-json\/wp\/v2\/comments?post=3581"}],"version-history":[{"count":24,"href":"https:\/\/www.kaba.hr\/en\/wp-json\/wp\/v2\/pages\/3581\/revisions"}],"predecessor-version":[{"id":9066,"href":"https:\/\/www.kaba.hr\/en\/wp-json\/wp\/v2\/pages\/3581\/revisions\/9066"}],"wp:attachment":[{"href":"https:\/\/www.kaba.hr\/en\/wp-json\/wp\/v2\/media?parent=3581"}],"curies":[{"name":"wp","href":"https:\/\/api.w.org\/{rel}","templated":true}]}}