{"id":2939,"date":"2017-10-20T10:24:02","date_gmt":"2017-10-20T10:24:02","guid":{"rendered":"http:\/\/www.kaba.hr\/dokumentacija-kartice\/"},"modified":"2023-10-04T09:52:57","modified_gmt":"2023-10-04T09:52:57","slug":"dokumentacija-kartice","status":"publish","type":"page","link":"https:\/\/www.kaba.hr\/en\/dokumentacija-kartice\/","title":{"rendered":"Documents credit cards"},"content":{"rendered":"<div class=\"flexible-block\"><div class=\"am2-files clearfix\">\n             <h2 class=\"am2-files__title\"> <\/h2> \n        <article class=\"am2-file\">\n\n           \n        <h3 class=\"am2-file__subtitle\"><\/h3>\n        <ul>\n             \n                        \n                <li>\n                    <a href=\"https:\/\/www.kaba.hr\/wp-content\/uploads\/2023\/10\/2_Pristupnica-OK_novi_VISA.pdf\" class=\"am2-file__link am2-file__tooltip\" target=\"_blank\">\n                        Pristupnica za Visa kreditnu karticu za gra\u0111ane - OSNOVNI KORISNIK (NOVI)\n                                                    <span class=\"am2-file__tooltip-text\"><p>Download file (PDF)<\/p><\/span>\n                                            <\/a>                    \n                <\/li>  \n            \n                     \n             \n                        \n                <li>\n                    <a href=\"https:\/\/www.kaba.hr\/wp-content\/uploads\/2023\/10\/3_Pristupnica-DK_VISA.pdf\" class=\"am2-file__link am2-file__tooltip\" target=\"_blank\">\n                        Pristupnica za Visa kreditnu karticu za gra\u0111ane - DODATNI KORISNIK\n                                                    <span class=\"am2-file__tooltip-text\"><p>Download file (PDF)<\/p><\/span>\n                                            <\/a>                    \n                <\/li>  \n            \n                     \n             \n                        \n                <li>\n                    <a href=\"https:\/\/www.kaba.hr\/wp-content\/uploads\/2023\/10\/1_Pristupnica-OK_postoje\u0107i_VISA.pdf\" class=\"am2-file__link am2-file__tooltip\" target=\"_blank\">\n                        Pristupnica za Visa kreditnu karticu za gra\u0111ane - OSNOVNI KORISNIK (POSTOJE\u0106I)\n                                                    <span class=\"am2-file__tooltip-text\"><p>Download file (PDF)<\/p><\/span>\n                                            <\/a>                    \n                <\/li>  \n            \n                     \n             \n                        \n                <li>\n                    <a href=\"https:\/\/www.kaba.hr\/wp-content\/uploads\/2023\/10\/4_Dokumentacija-za-KK-gra\u0111ani_Visa.pdf\" class=\"am2-file__link am2-file__tooltip\" target=\"_blank\">\n                        Dokumentacija za Visa kreditnu karticu za gra\u0111ane - OSNOVNI KORISNIK\n                                                    <span class=\"am2-file__tooltip-text\"><p>Download file (PDF)<\/p><\/span>\n                                            <\/a>                    \n                <\/li>  \n            \n                     \n                <\/ul>      \n    \n    <\/article> \n<\/div>\n<\/div>","protected":false},"excerpt":{"rendered":"<p>Pristupnica za Visa kreditnu karticu za gra\u0111ane &#8211; OSNOVNI KORISNIK (NOVI) Download file (PDF) Pristupnica za Visa kreditnu karticu za gra\u0111ane &#8211; DODATNI KORISNIK Download file (PDF) Pristupnica za Visa kreditnu karticu za gra\u0111ane &#8211; OSNOVNI KORISNIK (POSTOJE\u0106I) Download file (PDF) Dokumentacija za Visa kreditnu karticu za gra\u0111ane &#8211; OSNOVNI KORISNIK Download file (PDF)<\/p>\n","protected":false},"author":1,"featured_media":0,"parent":0,"menu_order":0,"comment_status":"closed","ping_status":"closed","template":"","meta":{"footnotes":""},"class_list":["post-2939","page","type-page","status-publish","hentry"],"_links":{"self":[{"href":"https:\/\/www.kaba.hr\/en\/wp-json\/wp\/v2\/pages\/2939","targetHints":{"allow":["GET"]}}],"collection":[{"href":"https:\/\/www.kaba.hr\/en\/wp-json\/wp\/v2\/pages"}],"about":[{"href":"https:\/\/www.kaba.hr\/en\/wp-json\/wp\/v2\/types\/page"}],"author":[{"embeddable":true,"href":"https:\/\/www.kaba.hr\/en\/wp-json\/wp\/v2\/users\/1"}],"replies":[{"embeddable":true,"href":"https:\/\/www.kaba.hr\/en\/wp-json\/wp\/v2\/comments?post=2939"}],"version-history":[{"count":13,"href":"https:\/\/www.kaba.hr\/en\/wp-json\/wp\/v2\/pages\/2939\/revisions"}],"predecessor-version":[{"id":9318,"href":"https:\/\/www.kaba.hr\/en\/wp-json\/wp\/v2\/pages\/2939\/revisions\/9318"}],"wp:attachment":[{"href":"https:\/\/www.kaba.hr\/en\/wp-json\/wp\/v2\/media?parent=2939"}],"curies":[{"name":"wp","href":"https:\/\/api.w.org\/{rel}","templated":true}]}}