{"id":2865,"date":"2017-09-22T08:59:53","date_gmt":"2017-09-22T08:59:53","guid":{"rendered":"http:\/\/www.kaba.hr\/godisnja-izvjesca\/"},"modified":"2026-03-31T08:13:09","modified_gmt":"2026-03-31T08:13:09","slug":"annual-reports","status":"publish","type":"page","link":"https:\/\/www.kaba.hr\/en\/annual-reports\/","title":{"rendered":"Annual Reports"},"content":{"rendered":"<div class=\"flexible-block\"><div class=\"am2-content clearfix  \">\n     \n        <div class=\"col-1\">\n            <div class=\"flexible-block\">\n<div class=\"am2-content clearfix \">\n<div class=\"col-1\">\n<div>\n<h3 class=\"gmail-am2-files__title\">This content is available in Croatian language only.<\/h3>\n<\/div>\n<\/div>\n<\/div>\n<\/div>\n\n        <\/div>\n    <\/div><\/div><div class=\"flexible-block\"><div class=\"am2-files clearfix\">\n             <h2 class=\"am2-files__title\"> <\/h2> \n        <article class=\"am2-file\">\n\n           \n        <h3 class=\"am2-file__subtitle\">Godi\u0161nja financijska izvje\u0161\u0107a<\/h3>\n        <ul>\n             \n                        \n                <li>\n                    <a href=\"https:\/\/www.kaba.hr\/wp-content\/uploads\/2026\/03\/Karlovacka-banka-d.d.-izvjestaj-31.12.2025.pdf\" class=\"am2-file__link am2-file__tooltip\" target=\"_blank\">\n                        Godi\u0161nji financijski izvje\u0161taj 01.01.-31.12.2025.\n                                                    <span class=\"am2-file__tooltip-text\"><p>Download file (PDF)<\/p><\/span>\n                                            <\/a>                    \n                <\/li>  \n            \n                     \n             \n                        \n                <li>\n                    <a href=\"https:\/\/www.kaba.hr\/wp-content\/uploads\/2025\/03\/KABA-GODI\u0160NJE-IZVJE\u0160\u0106E-ZA-2024..pdf\" class=\"am2-file__link am2-file__tooltip\" target=\"_blank\">\n                        Godi\u0161nji financijski izvje\u0161taj 01.01.-31.12.2024.\n                                                    <span class=\"am2-file__tooltip-text\"><p>Download file (PDF)<\/p><\/span>\n                                            <\/a>                    \n                <\/li>  \n            \n                     \n             \n                        \n                <li>\n                    <a href=\"https:\/\/www.kaba.hr\/wp-content\/uploads\/2024\/03\/GODI\u0160NJE-IZVJE\u0160\u0106E-ZA-2023..pdf\" class=\"am2-file__link am2-file__tooltip\" target=\"_blank\">\n                        Godi\u0161nji financijski izvje\u0161taj 01.01.-31.12.2023.\n                                                    <span class=\"am2-file__tooltip-text\"><p>Download file (PDF)<\/p><\/span>\n                                            <\/a>                    \n                <\/li>  \n            \n                     \n             \n                        \n                <li>\n                    <a href=\"https:\/\/www.kaba.hr\/wp-content\/uploads\/2023\/05\/Godisnje_izvjesce_2022_.pdf\" class=\"am2-file__link am2-file__tooltip\" target=\"_blank\">\n                        Godi\u0161nji financijski izvje\u0161taj 01.01.-31.12.2022.\n                                                    <span class=\"am2-file__tooltip-text\"><p>Download file (PDF)<\/p><\/span>\n                                            <\/a>                    \n                <\/li>  \n            \n                     \n             \n                        \n                <li>\n                    <a href=\"https:\/\/www.kaba.hr\/wp-content\/uploads\/2022\/03\/Godi\u0161nji-financijski-izvje\u0161taj-2021.pdf\" class=\"am2-file__link am2-file__tooltip\" target=\"_blank\">\n                        Godi\u0161nji financijski izvje\u0161taj 01.01.-31.12.2021.\n                                                    <span class=\"am2-file__tooltip-text\"><p>Download file (PDF)<\/p><\/span>\n                                            <\/a>                    \n                <\/li>  \n            \n                     \n             \n                        \n                <li>\n                    <a href=\"https:\/\/www.kaba.hr\/wp-content\/uploads\/2021\/03\/Godi\u0161nje-izvje\u0161\u0107e-za-2020.-g..pdf\" class=\"am2-file__link am2-file__tooltip\" target=\"_blank\">\n                        Godi\u0161nji financijski izvje\u0161taj 01.01.-31.12.2020.\n                                                    <span class=\"am2-file__tooltip-text\"><p>Download file (PDF)<\/p><\/span>\n                                            <\/a>                    \n                <\/li>  \n            \n                     \n             \n                        \n                <li>\n                    <a href=\"https:\/\/www.kaba.hr\/wp-content\/uploads\/2020\/03\/GFI-KI-01.01.-31.12.2019.pdf\" class=\"am2-file__link am2-file__tooltip\" target=\"_blank\">\n                        Godi\u0161nji financijski izvje\u0161taj 01.01.-31.12.2019.\n                                                    <span class=\"am2-file__tooltip-text\"><p>Download file (PDF)<\/p><\/span>\n                                            <\/a>                    \n                <\/li>  \n            \n                     \n             \n                        \n                <li>\n                    <a href=\"https:\/\/www.kaba.hr\/wp-content\/uploads\/2020\/03\/GFI-KI_01.01._31.12.2019.xlsx\" class=\"am2-file__link am2-file__tooltip\" target=\"_blank\">\n                        GFI-KI 01.01.-31.12.2019.\n                                                    <span class=\"am2-file__tooltip-text\"><p>Download file (PDF)<\/p><\/span>\n                                            <\/a>                    \n                <\/li>  \n            \n                     \n             \n                        \n                <li>\n                    <a href=\"https:\/\/www.kaba.hr\/wp-content\/uploads\/2019\/04\/GFI-KI-01.01.-31.12.2018.pdf\" class=\"am2-file__link am2-file__tooltip\" target=\"_blank\">\n                        Godi\u0161nji financijski izvje\u0161taj 01.01.-31.12.2018.\n                                                    <span class=\"am2-file__tooltip-text\"><p>Download file (PDF)<\/p><\/span>\n                                            <\/a>                    \n                <\/li>  \n            \n                     \n             \n                        \n                <li>\n                    <a href=\"https:\/\/www.kaba.hr\/wp-content\/uploads\/2019\/04\/GFI-KI_01.01._31.12.2018.xlsx\" class=\"am2-file__link am2-file__tooltip\" target=\"_blank\">\n                        GFI-KI 01.01.-31.12.2018.\n                                                    <span class=\"am2-file__tooltip-text\"><p>Download file (PDF)<\/p><\/span>\n                                            <\/a>                    \n                <\/li>  \n            \n                     \n             \n                        \n                <li>\n                    <a href=\"https:\/\/www.kaba.hr\/wp-content\/uploads\/2018\/04\/GFI-KI-01.01-31.12.2017.pdf\" class=\"am2-file__link am2-file__tooltip\" target=\"_blank\">\n                        Godi\u0161nji financijski izvje\u0161taj 01.01.-31.12.2017.\n                                                    <span class=\"am2-file__tooltip-text\"><p>Download file (PDF)<\/p><\/span>\n                                            <\/a>                    \n                <\/li>  \n            \n                     \n             \n                        \n                <li>\n                    <a href=\"https:\/\/www.kaba.hr\/wp-content\/uploads\/2018\/04\/GFI-KI-01.01.-31.12.2017.xls\" class=\"am2-file__link am2-file__tooltip\" target=\"_blank\">\n                        GFI-KI 01.01.-31.12.2017.\n                                                    <span class=\"am2-file__tooltip-text\"><p>Download file (PDF)<\/p><\/span>\n                                            <\/a>                    \n                <\/li>  \n            \n                     \n             \n                        \n                <li>\n                    <a href=\"https:\/\/www.kaba.hr\/wp-content\/uploads\/2017\/09\/GFI_0101-311216.pdf\" class=\"am2-file__link am2-file__tooltip\" target=\"_blank\">\n                        Godi\u0161nji financijski izvje\u0161taj 01.01.-31.12.2016.\n                                                    <span class=\"am2-file__tooltip-text\"><p>Download file (PDF)<\/p><\/span>\n                                            <\/a>                    \n                <\/li>  \n            \n                     \n             \n                        \n                <li>\n                    <a href=\"https:\/\/www.kaba.hr\/wp-content\/uploads\/2017\/09\/GFI-KI_01.01.-31.12.2016.xls\" class=\"am2-file__link am2-file__tooltip\" target=\"_blank\">\n                        GFI-KI 01.01.-31.12.2016.\n                                                    <span class=\"am2-file__tooltip-text\"><p>Download file (PDF)<\/p><\/span>\n                                            <\/a>                    \n                <\/li>  \n            \n                     \n             \n                        \n                <li>\n                    <a href=\"https:\/\/www.kaba.hr\/wp-content\/uploads\/2017\/09\/GFI_0101-311215.pdf\" class=\"am2-file__link am2-file__tooltip\" target=\"_blank\">\n                        Godi\u0161nji financijski izvje\u0161taj 01.01.-31.12.2015.\n                                                    <span class=\"am2-file__tooltip-text\"><p>Download file (PDF)<\/p><\/span>\n                                            <\/a>                    \n                <\/li>  \n            \n                     \n             \n                        \n                <li>\n                    <a href=\"https:\/\/www.kaba.hr\/wp-content\/uploads\/2017\/09\/GFI-KI_01.01.-31.12.2015.xls\" class=\"am2-file__link am2-file__tooltip\" target=\"_blank\">\n                        GFI-KI 01.01.-31.12.2015.\n                                                    <span class=\"am2-file__tooltip-text\"><p>Download file (PDF)<\/p><\/span>\n                                            <\/a>                    \n                <\/li>  \n            \n                     \n             \n                        \n                <li>\n                    <a href=\"https:\/\/www.kaba.hr\/wp-content\/uploads\/2017\/09\/GFI_2008-2014.zip\" class=\"am2-file__link am2-file__tooltip\" target=\"_blank\">\n                        Godi\u0161nja financijska izvje\u0161\u0107a od 2008. do 2014. godine (ZIP)\n                                                    <span class=\"am2-file__tooltip-text\"><p>Download file (PDF)<\/p><\/span>\n                                            <\/a>                    \n                <\/li>  \n            \n                     \n                <\/ul>      \n    \n    <\/article> \n<\/div>\n<\/div><div class=\"flexible-block\"><div class=\"am2-files clearfix\">\n             <h2 class=\"am2-files__title\"> <\/h2> \n        <article class=\"am2-file\">\n\n           \n        <h3 class=\"am2-file__subtitle\">Annual Report<\/h3>\n        <ul>\n             \n                        \n                <li>\n                    <a href=\"https:\/\/www.kaba.hr\/wp-content\/uploads\/2025\/04\/KBK_ANNUAL-REPORT-2024.pdf\" class=\"am2-file__link am2-file__tooltip\" target=\"_blank\">\n                        Annual Report 2024 (ENG)\n                                                    <span class=\"am2-file__tooltip-text\"><p>Download file (PDF)<\/p><\/span>\n                                            <\/a>                    \n                <\/li>  \n            \n                     \n             \n                        \n                <li>\n                    <a href=\"https:\/\/www.kaba.hr\/wp-content\/uploads\/2024\/05\/KARLOVA\u010cKA-BANKA-D.D.-ANNUAL-REPORT-2023.pdf\" class=\"am2-file__link am2-file__tooltip\" target=\"_blank\">\n                        Annual Report 2023 (ENG)\n                                                    <span class=\"am2-file__tooltip-text\"><p>Download file (PDF)<\/p><\/span>\n                                            <\/a>                    \n                <\/li>  \n            \n                     \n             \n                        \n                <li>\n                    <a href=\"https:\/\/www.kaba.hr\/wp-content\/uploads\/2023\/04\/KABA-d.d.-GODI\u0160NJE-IZVJE\u0160\u0106E-2022.-g.-engleski.pdf\" class=\"am2-file__link am2-file__tooltip\" target=\"_blank\">\n                        Annual Report 2022 (ENG)\n                                                    <span class=\"am2-file__tooltip-text\"><p>Download file (PDF)<\/p><\/span>\n                                            <\/a>                    \n                <\/li>  \n            \n                     \n             \n                        \n                <li>\n                    <a href=\"https:\/\/www.kaba.hr\/wp-content\/uploads\/2022\/04\/Annual-Report-2021.pdf\" class=\"am2-file__link am2-file__tooltip\" target=\"_blank\">\n                        Annual Report 2021 (ENG)\n                                                    <span class=\"am2-file__tooltip-text\"><p>Download file (PDF)<\/p><\/span>\n                                            <\/a>                    \n                <\/li>  \n            \n                     \n             \n                        \n                <li>\n                    <a href=\"https:\/\/www.kaba.hr\/wp-content\/uploads\/2021\/04\/Annual-Report-2020.pdf\" class=\"am2-file__link am2-file__tooltip\" target=\"_blank\">\n                        Annual Report 2020 (ENG)\n                                                    <span class=\"am2-file__tooltip-text\"><p>Download file (PDF)<\/p><\/span>\n                                            <\/a>                    \n                <\/li>  \n            \n                     \n             \n                        \n                <li>\n                    <a href=\"https:\/\/www.kaba.hr\/wp-content\/uploads\/2019\/04\/Annual-Report-2018-ENG.pdf\" class=\"am2-file__link am2-file__tooltip\" target=\"_blank\">\n                        Annual Report 2018 (ENG)\n                                                    <span class=\"am2-file__tooltip-text\"><p>Download file (PDF)<\/p><\/span>\n                                            <\/a>                    \n                <\/li>  \n            \n                     \n             \n                        \n                <li>\n                    <a href=\"https:\/\/www.kaba.hr\/wp-content\/uploads\/2018\/11\/Annual-Report-2017-ENG.pdf\" class=\"am2-file__link am2-file__tooltip\" target=\"_blank\">\n                        Annual Report 2017 (ENG)\n                                                    <span class=\"am2-file__tooltip-text\"><p>Download file (PDF)<\/p><\/span>\n                                            <\/a>                    \n                <\/li>  \n            \n                     \n             \n                        \n                <li>\n                    <a href=\"https:\/\/www.kaba.hr\/wp-content\/uploads\/2017\/09\/2016_Annual-Report_ENG.pdf\" class=\"am2-file__link am2-file__tooltip\" target=\"_blank\">\n                        Annual Report 2016 (ENG)\n                                                    <span class=\"am2-file__tooltip-text\"><p>Download file (PDF)<\/p><\/span>\n                                            <\/a>                    \n                <\/li>  \n            \n                     \n             \n                        \n                <li>\n                    <a href=\"https:\/\/www.kaba.hr\/wp-content\/uploads\/2017\/09\/Annual_Report_2015_ENG.pdf\" class=\"am2-file__link am2-file__tooltip\" target=\"_blank\">\n                        Annual Report 2015 (ENG)\n                                                    <span class=\"am2-file__tooltip-text\"><p>Download file (PDF)<\/p><\/span>\n                                            <\/a>                    \n                <\/li>  \n            \n                     \n                <\/ul>      \n    \n    <\/article> \n<\/div>\n<\/div>","protected":false},"excerpt":{"rendered":"<p>This content is available in Croatian language only. Godi\u0161nja financijska izvje\u0161\u0107a Godi\u0161nji financijski izvje\u0161taj 01.01.-31.12.2025. Download file (PDF) Godi\u0161nji financijski izvje\u0161taj 01.01.-31.12.2024. Download file (PDF) Godi\u0161nji financijski izvje\u0161taj 01.01.-31.12.2023. Download file (PDF) Godi\u0161nji financijski izvje\u0161taj 01.01.-31.12.2022. Download file (PDF) Godi\u0161nji financijski izvje\u0161taj 01.01.-31.12.2021. Download file (PDF) Godi\u0161nji financijski izvje\u0161taj 01.01.-31.12.2020. Download file (PDF) Godi\u0161nji financijski [&hellip;]<\/p>\n","protected":false},"author":1,"featured_media":1703,"parent":0,"menu_order":0,"comment_status":"closed","ping_status":"closed","template":"","meta":{"footnotes":""},"class_list":["post-2865","page","type-page","status-publish","has-post-thumbnail","hentry"],"_links":{"self":[{"href":"https:\/\/www.kaba.hr\/en\/wp-json\/wp\/v2\/pages\/2865","targetHints":{"allow":["GET"]}}],"collection":[{"href":"https:\/\/www.kaba.hr\/en\/wp-json\/wp\/v2\/pages"}],"about":[{"href":"https:\/\/www.kaba.hr\/en\/wp-json\/wp\/v2\/types\/page"}],"author":[{"embeddable":true,"href":"https:\/\/www.kaba.hr\/en\/wp-json\/wp\/v2\/users\/1"}],"replies":[{"embeddable":true,"href":"https:\/\/www.kaba.hr\/en\/wp-json\/wp\/v2\/comments?post=2865"}],"version-history":[{"count":20,"href":"https:\/\/www.kaba.hr\/en\/wp-json\/wp\/v2\/pages\/2865\/revisions"}],"predecessor-version":[{"id":10103,"href":"https:\/\/www.kaba.hr\/en\/wp-json\/wp\/v2\/pages\/2865\/revisions\/10103"}],"wp:featuredmedia":[{"embeddable":true,"href":"https:\/\/www.kaba.hr\/en\/wp-json\/wp\/v2\/media\/1703"}],"wp:attachment":[{"href":"https:\/\/www.kaba.hr\/en\/wp-json\/wp\/v2\/media?parent=2865"}],"curies":[{"name":"wp","href":"https:\/\/api.w.org\/{rel}","templated":true}]}}