{"id":198,"date":"2017-08-21T12:48:03","date_gmt":"2017-08-21T12:48:03","guid":{"rendered":"http:\/\/www.kaba.hr\/kontakti\/"},"modified":"2023-01-24T11:30:10","modified_gmt":"2023-01-24T11:30:10","slug":"contacts","status":"publish","type":"page","link":"https:\/\/www.kaba.hr\/en\/contacts\/","title":{"rendered":"Contacts"},"content":{"rendered":"<div class=\"flexible-block\"><div class=\"am2-content clearfix  \">\n     \n        <div class=\"col-12\">\n            <h4>Management Board<\/h4>\n<p>I.G. Kova\u010di\u0107a 1, Karlovac<br \/>\n047 417 500<br \/>\n<a href=\"mailto:tajnica.uprave@kaba.hr\">tajnica.uprave@kaba.hr<\/a><\/p>\n<p>&nbsp;<\/p>\n<h4>Open job applications<\/h4>\n<p><a href=\"mailto:HR@kaba.hr\">HR@kaba.hr<\/a><\/p>\n\n        <\/div>\n     \n        <div class=\"col-12\">\n            <h4>Customer support<\/h4>\n<p>V. Ma\u010deka 8, Karlovac<br \/>\n0800 417 336<\/p>\n<p>+385 47 417 336<\/p>\n<p><a href=\"mailto:e-kaba@kaba.hr\">e-kaba@kaba.hr<\/a><\/p>\n\n        <\/div>\n    <\/div><\/div><div class=\"flexible-block\"><div class=\"am2-content clearfix  \">\n     \n        <div class=\"col-12\">\n            <h4>Retail<\/h4>\n<p>I.G. Kova\u010di\u0107a 1, Karlovac<br \/>\n047 417 500<br \/>\n<a href=\"mailto:info@kaba.hr\">info@kaba.hr<\/a><\/p>\n\n        <\/div>\n     \n        <div class=\"col-12\">\n            <h4>Corporate<\/h4>\n<p>V. Ma\u010deka 8, Karlovac<br \/>\n047 417 410, 417 414<br \/>\n<a href=\"mailto:corporate@kaba.hr\">corporate@kaba.hr<\/a><\/p>\n\n        <\/div>\n    <\/div><\/div><div class=\"flexible-block\"><div class=\"am2-content clearfix  \">\n     \n        <div class=\"col-12\">\n            <h4>Corporate &#8211;<br \/>\nZagreb Branch<\/h4>\n<p>Preradovi\u0107eva 15, Zagreb<br \/>\n01 604 1001, 604 1003<br \/>\n<a href=\"mailto:zagreb@kaba.hr\">zagreb@kaba.hr<\/a><\/p>\n\n        <\/div>\n     \n        <div class=\"col-12\">\n            <h4>Corporate &#8211;<br \/>\nRijeka Branch<\/h4>\n<p>Prolaz Marija Krucifikse Kozuli\u0107 4, Rijeka<br \/>\n051 321 508, 324 628<br \/>\n<a href=\"mailto:rijeka@kaba.hr\">rijeka@kaba.hr<\/a><\/p>\n\n        <\/div>\n    <\/div><\/div><div class=\"flexible-block\"><div class=\"am2-content clearfix  \">\n     \n        <div class=\"col-12\">\n            <h4>Marketing<\/h4>\n<p>I.G. Kova\u010di\u0107a 1, Karlovac<br \/>\n047 417 536<br \/>\n<a href=\"mailto: info@kaba.hr\">info@kaba.hr<\/a><\/p>\n\n        <\/div>\n     \n        <div class=\"col-12\">\n            <h4>Card Business<\/h4>\n<p>I.G. Kova\u010di\u0107a 1, Karlovac<br \/>\n047 417 518, 417 519<br \/>\n<a href=\"mailto:karticno@kaba.hr\">karticno@kaba.hr<\/a><\/p>\n\n        <\/div>\n    <\/div><\/div><div class=\"flexible-block\"><div class=\"am2-content clearfix  \">\n     \n        <div class=\"col-12\">\n            <h4>Report card loss<\/h4>\n<p>01 3078 699 (0-24)<br \/>\n0800 417 336<\/p>\n\n        <\/div>\n     \n        <div class=\"col-12\">\n            <h4>Treasury<\/h4>\n<p>V. Ma\u010deka 8, Karlovac<br \/>\n047 417 415<br \/>\n<a href=\"mailto: info@kaba.hr\">info@kaba.hr<\/a><\/p>\n\n        <\/div>\n    <\/div><\/div><div class=\"flexible-block\"><div class=\"am2-content clearfix  \">\n     \n        <div class=\"col-12\">\n            <h4>Payment operations<\/h4>\n<p>V. Ma\u010deka 8, Karlovac<br \/>\n047 417 366<br \/>\n<a href=\"mailto: spp@kaba.hr\">spp@kaba.hr<\/a><\/p>\n\n        <\/div>\n     \n        <div class=\"col-12\">\n            <h4>Personal Data Protection Officer<\/h4>\n<p>I. G. Kova\u010di\u0107a 1, 47000 Karlovac<br \/>\n047 417 509 (MON-FRI 09:00-15:00)<br \/>\nzastita.osobnih.podataka@kaba.hr<\/p>\n<p>&nbsp;<\/p>\n\n        <\/div>\n    <\/div><\/div>","protected":false},"excerpt":{"rendered":"<p>Management Board I.G. Kova\u010di\u0107a 1, Karlovac 047 417 500 tajnica.uprave@kaba.hr &nbsp; Open job applications HR@kaba.hr Customer support V. Ma\u010deka 8, Karlovac 0800 417 336 +385 47 417 336 e-kaba@kaba.hr Retail I.G. Kova\u010di\u0107a 1, Karlovac 047 417 500 info@kaba.hr Corporate V. Ma\u010deka 8, Karlovac 047 417 410, 417 414 corporate@kaba.hr Corporate &#8211; Zagreb Branch Preradovi\u0107eva 15, [&hellip;]<\/p>\n","protected":false},"author":1,"featured_media":1769,"parent":0,"menu_order":0,"comment_status":"closed","ping_status":"closed","template":"page-templates\/page-contact.php","meta":{"footnotes":""},"class_list":["post-198","page","type-page","status-publish","has-post-thumbnail","hentry"],"_links":{"self":[{"href":"https:\/\/www.kaba.hr\/en\/wp-json\/wp\/v2\/pages\/198","targetHints":{"allow":["GET"]}}],"collection":[{"href":"https:\/\/www.kaba.hr\/en\/wp-json\/wp\/v2\/pages"}],"about":[{"href":"https:\/\/www.kaba.hr\/en\/wp-json\/wp\/v2\/types\/page"}],"author":[{"embeddable":true,"href":"https:\/\/www.kaba.hr\/en\/wp-json\/wp\/v2\/users\/1"}],"replies":[{"embeddable":true,"href":"https:\/\/www.kaba.hr\/en\/wp-json\/wp\/v2\/comments?post=198"}],"version-history":[{"count":13,"href":"https:\/\/www.kaba.hr\/en\/wp-json\/wp\/v2\/pages\/198\/revisions"}],"predecessor-version":[{"id":8948,"href":"https:\/\/www.kaba.hr\/en\/wp-json\/wp\/v2\/pages\/198\/revisions\/8948"}],"wp:featuredmedia":[{"embeddable":true,"href":"https:\/\/www.kaba.hr\/en\/wp-json\/wp\/v2\/media\/1769"}],"wp:attachment":[{"href":"https:\/\/www.kaba.hr\/en\/wp-json\/wp\/v2\/media?parent=198"}],"curies":[{"name":"wp","href":"https:\/\/api.w.org\/{rel}","templated":true}]}}