{"id":126,"date":"2017-08-21T11:53:51","date_gmt":"2017-08-21T11:53:51","guid":{"rendered":"http:\/\/www.kaba.hr\/o-nama\/"},"modified":"2026-02-06T11:37:21","modified_gmt":"2026-02-06T11:37:21","slug":"about-us","status":"publish","type":"page","link":"https:\/\/www.kaba.hr\/en\/about-us\/","title":{"rendered":"About us"},"content":{"rendered":"<div class=\"flexible-block\"><div class=\"am2-content clearfix  \">\n     \n        <div class=\"col-1\">\n            <h2>General information<\/h2>\n<p>Karlova\u010dka banka d.d.<br \/>\nIvana Gorana Kova\u010di\u0107a 1, 47000 Karlovac, Croatia<br \/>\n<strong>Phone:<\/strong> +385 (47) 417 500; +385 (47) 417 300<br \/>\n<strong>Telefax:<\/strong> +385 (47) 614 206<br \/>\n<strong>E-mail:<\/strong> <a href=\"mailto:info@kaba.hr\">info@kaba.hr<\/a><\/p>\n<p><strong>MB:<\/strong> 3123014<br \/>\n<strong>OIB:<\/strong> 08106331075<br \/>\n<strong>SWIFT BIC: KALCHR2X<\/strong><br \/>\n<strong>IBAN: <\/strong>HR52 2400 0081 0111 1111 6<\/p>\n<p>Registered in the Commercial Court in Zagreb \u2013 Permanent office in Karlovac, registered capital: 17.700.297,00 EUR, paid in full and consists of 17.559.585 shares with a nominal value of 1,00 EUR and 10.824 shares with a nominal value of 13,00 EUR.<\/p>\n\n        <\/div>\n    <\/div><\/div><div class=\"flexible-block\"><div class=\"am2-content clearfix  \">\n     \n        <div class=\"col-1\">\n            <h2>Management Board and Supervisory Board<\/h2>\n<h4>Management Board<\/h4>\n<p>Marino Rade, President of Management Board<br \/>\nStjepan Ore\u0161ki,\u00a0Member of Management Board<\/p>\n<h4>Supervisory Board<\/h4>\n<p>Dr. Nedjeljko Striki\u0107, President<br \/>\nBernarda Iv\u0161i\u0107, Vice President<br \/>\nAna \u017dab\u010di\u0107, Member<br \/>\nMato Crkvenac, Member<\/p>\n\n        <\/div>\n    <\/div><\/div><div class=\"flexible-block\"><div class=\"am2-content clearfix  \">\n     \n        <div class=\"col-1\">\n            <h2>About the Bank<\/h2>\n<p>Karlova\u010dka banka&#8217;s history dates back to 1856 when Karlova\u010dka \u0161tedionica was founded, while Karlova\u010dka banka i \u0161tedionica Karlovac was founded in 1955.<\/p>\n<p>Karlova\u010dka banka is a private regional bank in Croatia.<br \/>\nThe business network of the Bank includes branches in Karlovac, Zagreb, Rijeka, Duga Resa, Ozalj, Jastrebarsko, Ogulin, Slunj, Dragani\u0107, \u017dakanje and Topusko.<\/p>\n\n        <\/div>\n    <\/div><\/div><div class=\"flexible-block\"><div class=\"am2-content clearfix  \">\n     \n        <div class=\"col-1\">\n            <h2>Vision and mission<\/h2>\n<h4>Vision<\/h4>\n<p>We provide high quality services that connect generations of clients.<br \/>\nWe strive to create a stimulating place for our employees and we try to continue our successful business tradition of over 60 years.<br \/>\nWe develop our business by creating a stable customer base \u2013retail and corporate.<\/p>\n<h4>Mission<\/h4>\n<p>Karlova\u010dka banka d.d. will retain the leading position in the local market in the coming period by creating additional value for its financial services offering through continuous development and efficient management.<\/p>\n\n        <\/div>\n    <\/div><\/div><div class=\"flexible-block\"><div class=\"am2-content clearfix  \">\n     \n        <div class=\"col-1\">\n            <h2>Code of Ethics and Professional Conduct<\/h2>\n<h4><a href=\"http:\/\/www.kaba.hr\/wp-content\/uploads\/2025\/12\/Kodeks-etickog-i-profesionalnog-ponasanja-2025.pdf\">Code of Ethics and Professional Conduct<\/a><\/h4>\n\n        <\/div>\n    <\/div><\/div>","protected":false},"excerpt":{"rendered":"<p>General information Karlova\u010dka banka d.d. Ivana Gorana Kova\u010di\u0107a 1, 47000 Karlovac, Croatia Phone: +385 (47) 417 500; +385 (47) 417 300 Telefax: +385 (47) 614 206 E-mail: info@kaba.hr MB: 3123014 OIB: 08106331075 SWIFT BIC: KALCHR2X IBAN: HR52 2400 0081 0111 1111 6 Registered in the Commercial Court in Zagreb \u2013 Permanent office in Karlovac, registered [&hellip;]<\/p>\n","protected":false},"author":1,"featured_media":256,"parent":0,"menu_order":0,"comment_status":"closed","ping_status":"closed","template":"","meta":{"footnotes":""},"class_list":["post-126","page","type-page","status-publish","has-post-thumbnail","hentry"],"_links":{"self":[{"href":"https:\/\/www.kaba.hr\/en\/wp-json\/wp\/v2\/pages\/126","targetHints":{"allow":["GET"]}}],"collection":[{"href":"https:\/\/www.kaba.hr\/en\/wp-json\/wp\/v2\/pages"}],"about":[{"href":"https:\/\/www.kaba.hr\/en\/wp-json\/wp\/v2\/types\/page"}],"author":[{"embeddable":true,"href":"https:\/\/www.kaba.hr\/en\/wp-json\/wp\/v2\/users\/1"}],"replies":[{"embeddable":true,"href":"https:\/\/www.kaba.hr\/en\/wp-json\/wp\/v2\/comments?post=126"}],"version-history":[{"count":24,"href":"https:\/\/www.kaba.hr\/en\/wp-json\/wp\/v2\/pages\/126\/revisions"}],"predecessor-version":[{"id":10022,"href":"https:\/\/www.kaba.hr\/en\/wp-json\/wp\/v2\/pages\/126\/revisions\/10022"}],"wp:featuredmedia":[{"embeddable":true,"href":"https:\/\/www.kaba.hr\/en\/wp-json\/wp\/v2\/media\/256"}],"wp:attachment":[{"href":"https:\/\/www.kaba.hr\/en\/wp-json\/wp\/v2\/media?parent=126"}],"curies":[{"name":"wp","href":"https:\/\/api.w.org\/{rel}","templated":true}]}}